{"id":1676,"date":"2023-08-01T11:08:36","date_gmt":"2023-08-01T09:08:36","guid":{"rendered":"https:\/\/le-prestige.re\/?page_id=1676"},"modified":"2024-01-13T10:21:19","modified_gmt":"2024-01-13T09:21:19","slug":"booking","status":"publish","type":"page","link":"https:\/\/le-prestige.re\/en\/booking\/","title":{"rendered":"BOOKING"},"content":{"rendered":"\n<p>Places are limited, so book now!<\/p>\n\n\n\n<blockquote class=\"wp-block-quote is-layout-flow wp-block-quote-is-layout-flow\">\n<p>Take advantage of <strong>-10%<\/strong> when you book on the website with the code : <strong>LEPRESTIGE-DIRECT<\/strong><\/p>\n<\/blockquote>\n\n\n\n<p>If the booking form is not available, you can also book on :<\/p>\n\n\n\n<p>Airbnb : <a href=\"https:\/\/airbnb.com\/h\/le-prestige-haut-standing\" target=\"_blank\" rel=\"noreferrer noopener\">https:\/\/airbnb.com\/h\/le-prestige-haut-standing<\/a><\/p>\n\n\n\n<p>Booking : <a href=\"https:\/\/www.booking.com\/hotel\/re\/le-prestige-minibar-gratuit-parking.fr.html\">https:\/\/www.booking.com\/hotel\/re\/le-prestige-minibar-gratuit-parking.fr.html<\/a><\/p>\n\n\n\n<p><\/p>\n\n\n\n<iframe id=\"bookingengine\" allowfullscreen=\"\" src=\"https:\/\/app.superhote.com\/#\/rental\/propertyKeywWU6DgAMhmTWXaCZi1gsmc4lt?lang=en\" style=\"display:block;\" width=\"100%\" height=\"3879\" frameborder=\"0\" sandbox=\"allow-scripts allow-forms allow-same-origin allow-presentation\"><\/iframe>\n\n\n\n<p><\/p>\n\n\n\n<p><\/p>\n","protected":false},"excerpt":{"rendered":"<p>Places are limited, so book now! Take advantage of -10% when you book on the website with the code : LEPRESTIGE-DIRECT If the booking form is not available, you can also book on : Airbnb : https:\/\/airbnb.com\/h\/le-prestige-haut-standing Booking : https:\/\/www.booking.com\/hotel\/re\/le-prestige-minibar-gratuit-parking.fr.html<\/p>\n","protected":false},"author":1,"featured_media":0,"parent":0,"menu_order":0,"comment_status":"closed","ping_status":"closed","template":"","meta":{"_monsterinsights_skip_tracking":false,"_monsterinsights_sitenote_active":false,"_monsterinsights_sitenote_note":"","_monsterinsights_sitenote_category":0,"footnotes":""},"yoast_head":"<!-- This site is optimized with the Yoast SEO plugin v22.8 - https:\/\/yoast.com\/wordpress\/plugins\/seo\/ -->\n<title>BOOKING - Le prestige - Location saisonni\u00e8re de Haut Standing - Saint-Pierre (974)<\/title>\n<meta name=\"robots\" content=\"index, follow, max-snippet:-1, max-image-preview:large, max-video-preview:-1\" \/>\n<link rel=\"canonical\" href=\"https:\/\/le-prestige.re\/en\/booking\/\" \/>\n<meta property=\"og:locale\" content=\"en_US\" \/>\n<meta property=\"og:type\" content=\"article\" \/>\n<meta property=\"og:title\" content=\"BOOKING - Le prestige - Location saisonni\u00e8re de Haut Standing - Saint-Pierre (974)\" \/>\n<meta property=\"og:description\" content=\"Places are limited, so book now! Take advantage of -10% when you book on the website with the code : LEPRESTIGE-DIRECT If the booking form is not available, you can also book on : Airbnb : https:\/\/airbnb.com\/h\/le-prestige-haut-standing Booking : https:\/\/www.booking.com\/hotel\/re\/le-prestige-minibar-gratuit-parking.fr.html\" \/>\n<meta property=\"og:url\" content=\"https:\/\/le-prestige.re\/en\/booking\/\" \/>\n<meta property=\"og:site_name\" content=\"Le prestige - Location saisonni\u00e8re de Haut Standing - Saint-Pierre (974)\" \/>\n<meta property=\"article:modified_time\" content=\"2024-01-13T09:21:19+00:00\" \/>\n<meta name=\"twitter:card\" content=\"summary_large_image\" \/>\n<meta name=\"twitter:label1\" content=\"Est. reading time\" \/>\n\t<meta name=\"twitter:data1\" content=\"1 minute\" \/>\n<script type=\"application\/ld+json\" class=\"yoast-schema-graph\">{\"@context\":\"https:\/\/schema.org\",\"@graph\":[{\"@type\":\"WebPage\",\"@id\":\"https:\/\/le-prestige.re\/en\/booking\/\",\"url\":\"https:\/\/le-prestige.re\/en\/booking\/\",\"name\":\"BOOKING - Le prestige - Location saisonni\u00e8re de Haut Standing - Saint-Pierre (974)\",\"isPartOf\":{\"@id\":\"https:\/\/le-prestige.re\/en\/#website\"},\"datePublished\":\"2023-08-01T09:08:36+00:00\",\"dateModified\":\"2024-01-13T09:21:19+00:00\",\"breadcrumb\":{\"@id\":\"https:\/\/le-prestige.re\/en\/booking\/#breadcrumb\"},\"inLanguage\":\"en-US\",\"potentialAction\":[{\"@type\":\"ReadAction\",\"target\":[\"https:\/\/le-prestige.re\/en\/booking\/\"]}]},{\"@type\":\"BreadcrumbList\",\"@id\":\"https:\/\/le-prestige.re\/en\/booking\/#breadcrumb\",\"itemListElement\":[{\"@type\":\"ListItem\",\"position\":1,\"name\":\"Accueil\",\"item\":\"https:\/\/le-prestige.re\/en\/\"},{\"@type\":\"ListItem\",\"position\":2,\"name\":\"BOOKING\"}]},{\"@type\":\"WebSite\",\"@id\":\"https:\/\/le-prestige.re\/en\/#website\",\"url\":\"https:\/\/le-prestige.re\/en\/\",\"name\":\"Le prestige - Location saisonni\u00e8re de Haut Standing - Saint-Pierre (974)\",\"description\":\"Le confort d&#039;un h\u00f4tel et la libert\u00e9 d&#039;une location saisonni\u00e8re\",\"potentialAction\":[{\"@type\":\"SearchAction\",\"target\":{\"@type\":\"EntryPoint\",\"urlTemplate\":\"https:\/\/le-prestige.re\/en\/?s={search_term_string}\"},\"query-input\":\"required name=search_term_string\"}],\"inLanguage\":\"en-US\"}]}<\/script>\n<!-- \/ Yoast SEO plugin. -->","yoast_head_json":{"title":"BOOKING - Le prestige - Location saisonni\u00e8re de Haut Standing - Saint-Pierre (974)","robots":{"index":"index","follow":"follow","max-snippet":"max-snippet:-1","max-image-preview":"max-image-preview:large","max-video-preview":"max-video-preview:-1"},"canonical":"https:\/\/le-prestige.re\/en\/booking\/","og_locale":"en_US","og_type":"article","og_title":"BOOKING - Le prestige - Location saisonni\u00e8re de Haut Standing - Saint-Pierre (974)","og_description":"Places are limited, so book now! Take advantage of -10% when you book on the website with the code : LEPRESTIGE-DIRECT If the booking form is not available, you can also book on : Airbnb : https:\/\/airbnb.com\/h\/le-prestige-haut-standing Booking : https:\/\/www.booking.com\/hotel\/re\/le-prestige-minibar-gratuit-parking.fr.html","og_url":"https:\/\/le-prestige.re\/en\/booking\/","og_site_name":"Le prestige - Location saisonni\u00e8re de Haut Standing - Saint-Pierre (974)","article_modified_time":"2024-01-13T09:21:19+00:00","twitter_card":"summary_large_image","twitter_misc":{"Est. reading time":"1 minute"},"schema":{"@context":"https:\/\/schema.org","@graph":[{"@type":"WebPage","@id":"https:\/\/le-prestige.re\/en\/booking\/","url":"https:\/\/le-prestige.re\/en\/booking\/","name":"BOOKING - Le prestige - Location saisonni\u00e8re de Haut Standing - Saint-Pierre (974)","isPartOf":{"@id":"https:\/\/le-prestige.re\/en\/#website"},"datePublished":"2023-08-01T09:08:36+00:00","dateModified":"2024-01-13T09:21:19+00:00","breadcrumb":{"@id":"https:\/\/le-prestige.re\/en\/booking\/#breadcrumb"},"inLanguage":"en-US","potentialAction":[{"@type":"ReadAction","target":["https:\/\/le-prestige.re\/en\/booking\/"]}]},{"@type":"BreadcrumbList","@id":"https:\/\/le-prestige.re\/en\/booking\/#breadcrumb","itemListElement":[{"@type":"ListItem","position":1,"name":"Accueil","item":"https:\/\/le-prestige.re\/en\/"},{"@type":"ListItem","position":2,"name":"BOOKING"}]},{"@type":"WebSite","@id":"https:\/\/le-prestige.re\/en\/#website","url":"https:\/\/le-prestige.re\/en\/","name":"Le prestige - Location saisonni\u00e8re de Haut Standing - Saint-Pierre (974)","description":"Le confort d&#039;un h\u00f4tel et la libert\u00e9 d&#039;une location saisonni\u00e8re","potentialAction":[{"@type":"SearchAction","target":{"@type":"EntryPoint","urlTemplate":"https:\/\/le-prestige.re\/en\/?s={search_term_string}"},"query-input":"required name=search_term_string"}],"inLanguage":"en-US"}]}},"_links":{"self":[{"href":"https:\/\/le-prestige.re\/en\/wp-json\/wp\/v2\/pages\/1676"}],"collection":[{"href":"https:\/\/le-prestige.re\/en\/wp-json\/wp\/v2\/pages"}],"about":[{"href":"https:\/\/le-prestige.re\/en\/wp-json\/wp\/v2\/types\/page"}],"author":[{"embeddable":true,"href":"https:\/\/le-prestige.re\/en\/wp-json\/wp\/v2\/users\/1"}],"replies":[{"embeddable":true,"href":"https:\/\/le-prestige.re\/en\/wp-json\/wp\/v2\/comments?post=1676"}],"version-history":[{"count":5,"href":"https:\/\/le-prestige.re\/en\/wp-json\/wp\/v2\/pages\/1676\/revisions"}],"predecessor-version":[{"id":1682,"href":"https:\/\/le-prestige.re\/en\/wp-json\/wp\/v2\/pages\/1676\/revisions\/1682"}],"wp:attachment":[{"href":"https:\/\/le-prestige.re\/en\/wp-json\/wp\/v2\/media?parent=1676"}],"curies":[{"name":"wp","href":"https:\/\/api.w.org\/{rel}","templated":true}]}}